{"id":8,"date":"2020-11-17T13:07:22","date_gmt":"2020-11-17T13:07:22","guid":{"rendered":"https:\/\/francedoucetnotaire.com\/FamilleFillion\/home\/"},"modified":"2021-06-11T14:28:23","modified_gmt":"2021-06-11T14:28:23","slug":"accueil","status":"publish","type":"page","link":"https:\/\/francedoucetnotaire.com\/FamilleFillion\/","title":{"rendered":"Accueil"},"content":{"rendered":"\n\n\n<h2>Le temps d&#8217;une famille<\/h2>\n\nLes fillion\n\nPar Jean-Guy Fillion\n\n\n\n\n\n\n<h1>Famille Fillion<\/h1>\n\n\n<h2>Les Fillion<\/h2>\n\n\n\n<blockquote><em><\/em><\/blockquote><span><\/span><p style=\"text-align: center;\"><span>Nous partirons veux-tu demain nous partirons<\/span><\/p><p style=\"text-align: center; \"><span>Au loin l\u00e0-bas dans les grands champs de bl\u00e9<\/span><\/p><p style=\"text-align: center;\"><span>O\u00f9 les yeux des enfants p\u00e9tillent comme vin<\/span><\/p><p style=\"text-align: center;\"><span>Nous partirons demain vers le pays des f\u00e9es<\/span><\/p><p style=\"text-align: center;\"><span>Nous aurons pour bagages nos c\u0153urs dedans la main<\/span><\/p><p style=\"text-align: center;\"><span>Et le vent pour y boire sous le soleil d`\u00e9t\u00e9<\/span><\/p><p style=\"text-align: center;\"><span>Nous partirons veux-tu nous partirons<\/span><\/p><p style=\"text-align: center;\"><span>Sans un mot insouciants de tout ce temps pass\u00e9<\/span><\/p><p style=\"text-align: center;\"><span>Comme des boh\u00e9miens la chevelure au vent<\/span><\/p><p style=\"text-align: center;\"><span>Sans penser \u00e0 hier sans savoir le chemin<\/span><\/p><p style=\"text-align: center;\"><span>Nous partirons veux-tu nous partirons demain<\/span><\/p><p style=\"text-align: center;\"><span>Les larmes au bord des yeux comme des diamants<\/span><\/p><span><br><\/span><p style=\"text-align: center; \"><span><em>Andr\u00e9 Daigneault<\/em><\/span><\/p><blockquote><em><\/em><\/blockquote>\n\n\n\n\n\n\n<p style=\"text-align: left; line-height: 1.8;\"><font color=\"#5d5d5d\" face=\"roboto\"><span style=\"font-size: 14px;\">Dans la d\u00e9cennie 1920, naquit dans la vall\u00e9e du Saint-Laurent une idylle entre Eug\u00e8ne et Antoinette, qui devait engendrer notre histoire qui sera d\u00e9crite dans ce r\u00e9cit. Nous n\u2019avons qu\u2019\u00e0 nous imaginer, nous-m\u00eames ou nos enfants, \u00e2g\u00e9s respectivement de 22 et 29 ans, amoureux, pleins de vie et des r\u00eaves les plus fous, d\u00e9fier l\u2019avenir et foncer vers un futur qui aujourd\u2019hui est termin\u00e9 pour eux, mais encore extr\u00eamement vivant pour nous, survivants. Ces deux beaux jeunes se sont mari\u00e9s en 1926 se jurant amour et fid\u00e9lit\u00e9 pour la vie.<\/span><\/font><\/p><p style=\"text-align: left; line-height: 1.8;\"><font color=\"#5d5d5d\" face=\"roboto\"><span style=\"font-size: 14px;\"><br><\/span><\/font><\/p><p style=\"text-align: left; line-height: 1.8;\"><span style=\"font-size: 14px; color: rgb(93, 93, 93); font-family: roboto;\">Ils \u00e9taient loin, \u00e0 ce moment, de deviner un avenir plein de risques de toutes sortes, de peines insoutenables ainsi que de bonheurs sans limites. On dirait que ce couple est n\u00e9 au d\u00e9but d\u2019une temp\u00eate qui prit fin avec leur d\u00e9part en 1953 et 1975. Nous f\u00fbmes les t\u00e9moins de cette incroyable aventure, remplis d\u2019\u00e9tonnement et de bonheur, parfois de frayeur devant la vitesse, le tumulte et l\u2019ampleur de la vie qui grandissait autour de nous et en nous. Que de rires, de connivences, de secrets, de larmes, de pardons, de regrets avons-nous partag\u00e9s au cours de cette histoire, quasi incroyable apr\u00e8s-coup.<\/span><\/p><p style=\"text-align: left; line-height: 1.8;\"><span style=\"font-size: 14px; color: rgb(93, 93, 93); font-family: roboto;\"><br><\/span><\/p><p style=\"text-align: left; line-height: 1.8;\"><span style=\"font-size: 14px; color: rgb(93, 93, 93); font-family: roboto;\">Laissons-nous bercer par ces lointains souvenirs, revoyons ces chers visages disparus s\u2019animer devant nos yeux et go\u00fbtons le bonheur d\u2019\u00eatre la suite vivante et riche du don re\u00e7u.<\/span><\/p><br>\n\n\n<p style=\"line-height: 1.8; text-align: center;\"><font color=\"#5d5d5d\" face=\"roboto\"><span style=\"font-size: 14px;\">\u00abQUE RESTE-T-IL DE LA PEINE QUE L\u2019HOMME SE DONNE SOUS LE SOLEIL? UNE G\u00c9N\u00c9RATION S\u2019EN VA, UNE AUTRE ARRIVE ET LA TERRE NE BOUGE PAS. LE SOLEIL SE L\u00c8VE, LE SOLEIL SE COUCHE; IL CHERCHE SON POINT DE D\u00c9PART POUR SE LEVER \u00c0 NOUVEAU. LE VENT VA VERS LE SUD, TOURNE VERS LE NORD, TOURNE ET RETOURNE SUR LUI-M\u00caME TOUJOURS. TOUS LES FLEUVES VONT \u00c0 LA MER ET LA MER N\u2019EST PAS REMPLIE. LE LIEU VERS LEQUEL ILS SE DIRIGENT, C\u2019EST L\u00c0 QU\u2019ILS VEULENT ALLER. ELLES SONT DURES LES CHOSES DE LA VIE. AUCUNE PAROLE NE PEUT LES D\u00c9CRIRE, L\u2019\u0152IL NE SE RASSASIE PAS DE VOIR, NI L\u2019OREILLE D\u2019\u00c9COUTER \u00bb<\/span><\/font><\/p><p style=\"line-height: 1.8; text-align: center;\"><font color=\"#5d5d5d\" face=\"roboto\"><span style=\"font-size: 14px;\"><br><\/span><\/font><\/p><p style=\"line-height: 1.8; text-align: center;\"><font color=\"#5d5d5d\" face=\"roboto\"><span style=\"font-size: 14px;\"><strong>L\u2019ECCL\u00c9SIASTE. 1: 3 \u00e0 8<\/strong><\/span><\/font><\/p><br>\n\n\n\n\n\n\n\n<h2>LE TEMPS D\u2019UNE FAMILLE<\/h2>\n\n\n<h3>Avant propos<\/h3>\n\n\n<p style=\"text-align: left; line-height: 1.8;\"><font color=\"#5d5d5d\" face=\"roboto\"><span style=\"font-size: 14px;\"><\/span><\/font><\/p><p class=\"MsoNormal\" style=\"text-align:justify;text-justify:inter-ideograph;\nline-height:102%\">Il existe des projets qui nous semblent irr\u00e9alisables, vu leur ampleur, leurs difficult\u00e9s inh\u00e9rentes et l\u2019\u00e9nergie qu\u2019ils exigeront. Il en va de m\u00eame pour l\u2019aventure que je m\u2019appr\u00eate \u00e0 raconter: celle de r\u00e9unir dans un m\u00eame ouvrage l\u2019histoire et les histoires des membres de notre famille; les FILLION issus d\u2019Eug\u00e8ne et d\u2019Antoinette.<\/p><p class=\"MsoNormal\" style=\"text-align:justify;text-justify:inter-ideograph;\nline-height:102%\"><br><\/p><p class=\"MsoNormal\" style=\"text-align:justify;text-justify:inter-ideograph;\nline-height:102%\">Le temps d\u2019une famille repr\u00e9sente, pour moi, le temps qui s\u2019est \u00e9coul\u00e9 depuis la naissance du couple Eug\u00e8ne et Antoinette et de leurs enfants, jusqu\u2019\u00e0 aujourd\u2019hui. C\u2019est l\u2019histoire de ces \u00eatres passagers du temps et des \u00e9v\u00e9nements qui ont v\u00e9cu une p\u00e9riode remplie de bouleversements, de joies, de bonheurs, de peines, de s\u00e9parations, d\u2019unions et, souvent, d\u2019\u00e9preuves que seul un courage insoup\u00e7onnable a pu surmonter.<\/p><p class=\"MsoNormal\" style=\"text-align:justify;text-justify:inter-ideograph;\nline-height:102%\"><br><\/p><p class=\"MsoNormal\" style=\"text-align:justify;text-justify:inter-ideograph;\nline-height:102%\">Cette p\u00e9riode de notre histoire se situe dans une succession d\u2019\u00e9v\u00e9nements sociaux et de rebondissements indescriptibles: certains d\u2019entre nous ont connu la grande d\u00e9pression des ann\u00e9es trente, la guerre 39-45, la vie recluse dans la solitude des petits arpents verts de Sainte-Th\u00e9r\u00e8se de Colombier, le grand changement qu\u00e9b\u00e9cois amorc\u00e9 au d\u00e9but des ann\u00e9es 60 apportant avec lui toutes les transformations sociales, morales, intellectuelles et spirituelles que l\u2019on conna\u00eet et, pour terminer, nous avons surv\u00e9cu au vingti\u00e8me si\u00e8cle pour nous ouvrir \u00e0 un mill\u00e9naire nouveau, rempli d\u2019espoirs et d\u2019appr\u00e9hensions aussi.<\/p><p class=\"MsoNormal\" style=\"text-align:justify;text-justify:inter-ideograph;\nline-height:102%\"><br><\/p><p class=\"MsoNormal\" style=\"text-align:justify;text-justify:inter-ideograph;\nline-height:102%\">Quelle p\u00e9riode riche en p\u00e9rip\u00e9ties de toutes sortes! Et, pendant ce temps, des fr\u00e8res et des s\u0153urs faisaient l\u2019exp\u00e9rience de la vie. Nous avons vu partir nos parents, trois fr\u00e8res et trois s\u0153urs. Nous avons connu une enfance, regroup\u00e9s, pour la plupart, autour de notre p\u00e8re et de notre m\u00e8re, pour ensuite continuer notre chemin avec notre m\u00e8re seule, apr\u00e8s la mort de son mari.<\/p><p class=\"MsoNormal\" style=\"text-align:justify;text-justify:inter-ideograph;\nline-height:102%\"><br><\/p><p class=\"MsoNormal\" style=\"text-align:justify;text-justify:inter-ideograph;\nline-height:102%\">Nous avons \u00e9t\u00e9 t\u00e9moins du cheminement de chacun d\u2019entre nous, de nos forces, de nos faiblesses, notre caract\u00e8re, notre personnalit\u00e9, nos r\u00eaves, nos peurs, notre courage, notre grandeur, enfin notre fraternit\u00e9.<\/p><p class=\"MsoNormal\" style=\"text-align:justify;text-justify:inter-ideograph;\nline-height:102%\"><br><\/p><p>Nous nous sommes \u00e9loign\u00e9s les uns des autres pour vivre chacun notre exp\u00e9rience, cr\u00e9ant \u00e7a et l\u00e0 des noyaux de fr\u00e8res et de s\u0153urs afin de ne pas, je crois, d\u00e9truire le lien si pr\u00e9cieux du sang et de notre histoire. \u00c0 notre tour, pour la plupart, nous avons choisi de mettre au monde des enfants, qui prendront la rel\u00e8ve d\u2019Antoinette et d\u2019Eug\u00e8ne pour continuer notre histoire. Les conjoints \u00e0 qui nous nous sommes unis ont apport\u00e9 une vision et une richesse nouvelle et ind\u00e9niable \u00e0 notre famille, de sorte que tous, nous avons respectivement grandi au contact de valeurs familiales, sociales et morales parfois diff\u00e9rentes de celles que nous avions re\u00e7ues, mais non moins pr\u00e9cieuses. Notre famille s\u2019est agrandie au point que l\u2019on ne sait plus trop le nombre de descendants qui la compose.<\/p><p><br><\/p><p>Je r\u00e9alise, au d\u00e9but de cette histoire extraordinaire qu\u2019est celle de notre famille, et il doit en \u00eatre de m\u00eame pour toutes les autres cellules familiales, \u00e0 quel point, le fait d\u2019avoir une relation proche entre fr\u00e8res et s\u0153urs, d\u2019avoir grandi et partag\u00e9 tant de riches moments, nous connecte \u00e0 notre pass\u00e9 et nous fait nous reconna\u00eetre comme membre d\u2019une unit\u00e9 de vie historique, puisqu\u2019elle prend sa place dans le temps et l\u2019histoire. Cela donne selon moi, une valeur inestimable \u00e0 la relation fraternelle. M\u00eame si elle s\u2019est rompue momentan\u00e9ment, pour quelque raison, elle s\u2019av\u00e8re un lieu exceptionnel de reconnaissance de soi.<\/p><p><br><\/p><p>Nous voil\u00e0 presque tous rendus \u00e0 la retraite, remplis d\u2019exp\u00e9riences, de sagesse et de savoirs de toutes sortes. Pour certains, c\u2019est la jeunesse \u00e9ternelle, alors que pour d\u2019autres, le v\u00e9hicule s\u2019est alourdi et donne des signes inqui\u00e9tants. Il faut nous l\u2019avouer, nous sommes devenus des \u00abmon oncle\u00bb et des \u00abma tante\u00bb, avec nos petites habitudes acquises nous faisant entrer douillettement dans notre univers d\u2019a\u00een\u00e9s pour ne pas dire de vieux.<\/p><p><br><\/p><p>Avant de commencer pour de bon mon r\u00e9cit, je tiens \u00e0 vous exprimer, que malgr\u00e9 les distances, les silences, j\u2019ai toujours eu un respect et un amour ind\u00e9fectible envers vous tous, mes fr\u00e8res et s\u0153urs. Je m\u2019incline devant tant de richesse et je vous trouve extraordinaires.<\/p><p><br><\/p>\n\n\n\n\n\n\n<h2>LE TEMPS D&#8217;UNE FAMILLE<\/h2>\n\n\n<p>Remerciements<\/p>\n\n\n<p style=\"text-align: left; line-height: 1.8;\"><font color=\"#5d5d5d\" face=\"roboto\"><span style=\"font-size: 14px;\"><\/span><\/font><\/p><p>Je tiens \u00e0 remercier de tout c\u0153ur Michel, pour sa grande g\u00e9n\u00e9rosit\u00e9, Yvon, pour son ouverture et sa joie de vivre, Ginette, Yolande, Jeanine, et Marcel, pour leur appui historique m\u2019ayant grandement encourag\u00e9 \u00e0 entreprendre cet ouvrage et pour leur aide pr\u00e9cieuse \u00e0 sa mise en page, ainsi qu\u2019\u00e0 sa correction. Je veux aussi t\u00e9moigner mon appr\u00e9ciation toute sp\u00e9ciale \u00e0 tous mes autres fr\u00e8res et s\u0153urs qui contribueront \u00e0 sa r\u00e9ussite, par des \u00e9crits, photos, t\u00e9moignages ou autres ajouts importants. \u00c0 la fin, ce sera indubitablement une \u0153uvre collective significative pour tous, ce que je souhaite grandement. D\u2019autres s\u2019ajoutent \u00e0 cette liste: Johanne, la fille de Lucette, Roger, le fils de Bertrand, Sylvie la fille d\u2019Huguette, Louise et Isabelle qui, avec une grande g\u00e9n\u00e9rosit\u00e9, ont accept\u00e9 d\u2019\u00e9crire la vie de Marcel, leur proche disparu.<\/p><p><br><\/p><p>Je suis reconnaissant \u00e0 Pierre-F. Langlois G.R.A. de Neuville, il a r\u00e9vis\u00e9 l\u2019information contenue dans le document et a contribu\u00e9 \u00e0 l\u2019ajout de certains \u00e9l\u00e9ments manquants. Nous tenons \u00e0 remercier la Soci\u00e9t\u00e9 d\u2019histoire de Neuville qui a mis ses ressources \u00e0 notre disposition.<\/p><p><br><\/p><p>Nous tenons \u00e0 remercier Tania Nadeau pour sa contribution \u00e0 l\u2019\u00e9laboration des tableaux g\u00e9n\u00e9alogiques.<\/p><p>Je veux aussi offrir mes remerciements des plus sp\u00e9ciaux \u00e0 Solange, ma compagne de vie, pour son appui inconditionnel \u00e0 la r\u00e9ussite de cette \u0153uvre collective. C\u2019est elle qui m\u2019a soutenu lors des moments de doute ainsi que pour la touche finale apport\u00e9e au manuscrit. Son aide pr\u00e9cieuse apporte une valeur suppl\u00e9mentaire \u00e0 ce travail.<\/p><p><br><\/p><p>De plus, comment ne pas oublier l\u2019effort et l\u2019int\u00e9r\u00eat sans borne pour ce projet de mes deux ni\u00e8ces pr\u00e9f\u00e9r\u00e9es, (c\u2019est une expression d\u2019affection!) Nancy et France, qui ont pris en main la mise en page et la finition de ce recueil de pr\u00e9cieux souvenirs. Que de d\u00e9vouement et de g\u00e9n\u00e9rosit\u00e9 de leur part. \u00c0 vous deux, j\u2019offre mes plus sinc\u00e8res remerciements et ma gratitude la plus profonde, ainsi qu\u2019\u00e0 Martine Lavoie (conjointe de Raynald) et Th\u00e9r\u00e8se B\u00e9liveau, (s\u0153ur de Yolande). Je suis convaincu des m\u00eames sentiments de la part de mes fr\u00e8res et s\u0153urs envers votre indispensable contribution. Bravo encore une fois pour votre patience envers votre vieil oncle!<\/p><p><br><\/p><p style=\"text-align: left; line-height: 1.8;\"><font color=\"#5d5d5d\" face=\"roboto\"><span style=\"font-size: 14px;\"><\/span><\/font><\/p><br>\n\n\n\n\n\n\n\n","protected":false},"excerpt":{"rendered":"","protected":false},"author":1,"featured_media":0,"parent":0,"menu_order":0,"comment_status":"closed","ping_status":"closed","template":"","meta":[],"yoast_head":"<!-- This site is optimized with the Yoast SEO plugin v15.3 - https:\/\/yoast.com\/wordpress\/plugins\/seo\/ -->\n<title>Accueil - Famille Fillion<\/title>\n<meta name=\"description\" content=\"famillefillion - Dans la d\u00e9cennie 1920, naquit dans la vall\u00e9e du Saint-Laurent une idylle entre Eug\u00e8ne et Antoinette, qui devait engendrer notre histoire qui sera d\u00e9crite dans ce r\u00e9cit\" \/>\n<meta name=\"robots\" content=\"index, follow, max-snippet:-1, max-image-preview:large, max-video-preview:-1\" \/>\n<link rel=\"canonical\" href=\"https:\/\/francedoucetnotaire.com\/FamilleFillion\/\" \/>\n<meta property=\"og:locale\" content=\"en_US\" \/>\n<meta property=\"og:type\" content=\"article\" \/>\n<meta property=\"og:title\" content=\"Accueil - Famille Fillion\" \/>\n<meta property=\"og:description\" content=\"famillefillion - Dans la d\u00e9cennie 1920, naquit dans la vall\u00e9e du Saint-Laurent une idylle entre Eug\u00e8ne et Antoinette, qui devait engendrer notre histoire qui sera d\u00e9crite dans ce r\u00e9cit\" \/>\n<meta property=\"og:url\" content=\"https:\/\/francedoucetnotaire.com\/FamilleFillion\/\" \/>\n<meta property=\"og:site_name\" content=\"Famille Fillion\" \/>\n<meta property=\"article:modified_time\" content=\"2021-06-11T14:28:23+00:00\" \/>\n<meta name=\"twitter:card\" content=\"summary_large_image\" \/>\n<meta name=\"twitter:label1\" content=\"Written by\">\n\t<meta name=\"twitter:data1\" content=\"admin\">\n\t<meta name=\"twitter:label2\" content=\"Est. reading time\">\n\t<meta name=\"twitter:data2\" content=\"7 minutes\">\n<script type=\"application\/ld+json\" class=\"yoast-schema-graph\">{\"@context\":\"https:\/\/schema.org\",\"@graph\":[{\"@type\":[\"Person\",\"Organization\"],\"@id\":\"https:\/\/francedoucetnotaire.com\/FamilleFillion\/#\/schema\/person\/888522469577139133bfae69cab6ff83\",\"name\":\"Michel Fillion\",\"image\":{\"@type\":\"ImageObject\",\"@id\":\"https:\/\/francedoucetnotaire.com\/FamilleFillion\/#personlogo\",\"inLanguage\":\"en-US\",\"url\":\"https:\/\/secure.gravatar.com\/avatar\/c0c5418e5c1a40be79bd0f7e0d64bfcc?s=96&d=mm&r=g\",\"caption\":\"Michel Fillion\"},\"logo\":{\"@id\":\"https:\/\/francedoucetnotaire.com\/FamilleFillion\/#personlogo\"}},{\"@type\":\"WebSite\",\"@id\":\"https:\/\/francedoucetnotaire.com\/FamilleFillion\/#website\",\"url\":\"https:\/\/francedoucetnotaire.com\/FamilleFillion\/\",\"name\":\"Famille Fillion\",\"description\":\"Famille Fillion\",\"publisher\":{\"@id\":\"https:\/\/francedoucetnotaire.com\/FamilleFillion\/#\/schema\/person\/888522469577139133bfae69cab6ff83\"},\"potentialAction\":[{\"@type\":\"SearchAction\",\"target\":\"https:\/\/francedoucetnotaire.com\/FamilleFillion\/?s={search_term_string}\",\"query-input\":\"required name=search_term_string\"}],\"inLanguage\":\"en-US\"},{\"@type\":\"WebPage\",\"@id\":\"https:\/\/francedoucetnotaire.com\/FamilleFillion\/#webpage\",\"url\":\"https:\/\/francedoucetnotaire.com\/FamilleFillion\/\",\"name\":\"Accueil - Famille Fillion\",\"isPartOf\":{\"@id\":\"https:\/\/francedoucetnotaire.com\/FamilleFillion\/#website\"},\"datePublished\":\"2020-11-17T13:07:22+00:00\",\"dateModified\":\"2021-06-11T14:28:23+00:00\",\"description\":\"famillefillion - Dans la d\\u00e9cennie 1920, naquit dans la vall\\u00e9e du Saint-Laurent une idylle entre Eug\\u00e8ne et Antoinette, qui devait engendrer notre histoire qui sera d\\u00e9crite dans ce r\\u00e9cit\",\"inLanguage\":\"en-US\",\"potentialAction\":[{\"@type\":\"ReadAction\",\"target\":[\"https:\/\/francedoucetnotaire.com\/FamilleFillion\/\"]}]}]}<\/script>\n<!-- \/ Yoast SEO plugin. -->","_links":{"self":[{"href":"https:\/\/francedoucetnotaire.com\/FamilleFillion\/wp-json\/wp\/v2\/pages\/8"}],"collection":[{"href":"https:\/\/francedoucetnotaire.com\/FamilleFillion\/wp-json\/wp\/v2\/pages"}],"about":[{"href":"https:\/\/francedoucetnotaire.com\/FamilleFillion\/wp-json\/wp\/v2\/types\/page"}],"author":[{"embeddable":true,"href":"https:\/\/francedoucetnotaire.com\/FamilleFillion\/wp-json\/wp\/v2\/users\/1"}],"replies":[{"embeddable":true,"href":"https:\/\/francedoucetnotaire.com\/FamilleFillion\/wp-json\/wp\/v2\/comments?post=8"}],"version-history":[{"count":21,"href":"https:\/\/francedoucetnotaire.com\/FamilleFillion\/wp-json\/wp\/v2\/pages\/8\/revisions"}],"predecessor-version":[{"id":527,"href":"https:\/\/francedoucetnotaire.com\/FamilleFillion\/wp-json\/wp\/v2\/pages\/8\/revisions\/527"}],"wp:attachment":[{"href":"https:\/\/francedoucetnotaire.com\/FamilleFillion\/wp-json\/wp\/v2\/media?parent=8"}],"curies":[{"name":"wp","href":"https:\/\/api.w.org\/{rel}","templated":true}]}}