{"id":206,"date":"2020-11-19T19:49:12","date_gmt":"2020-11-19T19:49:12","guid":{"rendered":"https:\/\/francedoucetnotaire.com\/FamilleFillion\/?page_id=206"},"modified":"2021-03-02T19:44:15","modified_gmt":"2021-03-02T19:44:15","slug":"nos-proches-disparus","status":"publish","type":"page","link":"https:\/\/francedoucetnotaire.com\/FamilleFillion\/nos-proches-disparus\/","title":{"rendered":"NOS PROCHES DISPARUS"},"content":{"rendered":"\n\n\n\n\n\n<h4>NOS PROCHES DISPARUS<\/h4><br><p>Avec le temps, des visages chers ont quitt\u00e9 notre plan\u00e8te, nous laissant pleins de peine et d\u2019interrogations. Nos parents, fr\u00e8res et s\u0153urs, ainsi disparus, nous ont laiss\u00e9 un h\u00e9ritage plus grand qu\u2019une montagne d\u2019or. L\u2019or dispara\u00eet, mais les valeurs du c\u0153ur demeurent \u00e0 jamais. C\u2019est ce que nous ont laiss\u00e9 \u00e0 leur fa\u00e7on, ceux qui ont \u00e9crit, avec nous, notre histoire personnelle et celle de notre famille.<\/p><br><p>Nos tendres souvenirs peuvent nous transporter encore plus loin dans notre d\u00e9marche d\u2019\u00eatre humain vers la v\u00e9rit\u00e9, l\u2019amour et la lumi\u00e8re. Notre regard se portant sur la richesse transmise, on ne peut que les remercier et leur rendre hommage pour leur insondable t\u00e9moignage de vie.<\/p><br>\n\n\n\n\n\n\n<h4>1953-Eug\u00e8ne<\/h4><p>pour sa fid\u00e9lit\u00e9 et l\u2019amour envers Antoinette et ses enfants, sa rage de vivre et ses valeurs tonitruantes, parfois. Pour la callosit\u00e9 de ses mains, son visage burin\u00e9 par le soleil et les intemp\u00e9ries, pour la poursuite incessante de sa v\u00e9rit\u00e9. Pour la grandeur de son c\u0153ur, les larmes retenues, l\u2019amour maladroitement exprim\u00e9, la rage contre l\u2019adversit\u00e9 et l\u2019in\u00e9vitable. Pour les larmes qu\u2019il fit verser \u00e0 ceux qu\u2019il aimait le plus au monde, comme \u00e7a peut arriver \u00e0 tous les \u00eatres de la terre, m\u00eame \u00e0 nous. Pour sa foi en la nature qu\u2019il fit chanter pour nous, pour sa foi en Dieu qu\u2019il invoqu\u00e2t si souvent, pour sa famille, pour la pri\u00e8re incessante de son labeur. Pour son mauvais caract\u00e8re, parfois, et son immense tendresse. Pour la richesse de sa compagnie. MERCI.<\/p><br>\n<h4>1979 \u2013 ANTOINETTE<\/h4><p>pour sa fid\u00e9lit\u00e9 envers nous et Eug\u00e8ne, son courage, sa foi et la force de son \u00eatre. Pour l\u2019\u00e9coute, la tendresse maternelle exprim\u00e9e dans toutes les occasions, pour les larmes essuy\u00e9es furtivement du coin du tablier, pour son amour inconditionnel. Pour la joie qui r\u00e9gnait \u00e0 chaque jour dans son c\u0153ur, pour sa complicit\u00e9 sans limites avec Eug\u00e8ne, pour la confiance qu\u2019elle nous a toujours donn\u00e9e. Pour les bonnes valeurs qu\u2019elle nous a transmises, pour le c\u0153ur immense qu\u2019elle a ouvert pour nous. Pour les souvenirs&nbsp;imp\u00e9rissables de pardon, de silences complices, de regards admiratifs, pour ses yeux de ciel tourn\u00e9s vers le bien. Pour l\u2019\u00e9quipe, sans faille, faite avec Eug\u00e8ne qui permit de construire une telle famille. MERCI.<\/p><br>\n<h4>1935, 6 janvier \u2013 OSIAS-JEAN-MARIE<\/h4><p>pour avoir \u00e9t\u00e9 un petit t\u00e9moin, dont le d\u00e9part pr\u00e9cipit\u00e9 fut source d\u2019un premier grand chagrin pour Eug\u00e8ne et Antoinette. Pour l\u2019imaginaire cr\u00e9\u00e9, chez nous, d\u2019un grand fr\u00e8re que nous n\u2019avons jamais connu. Pour les tendres souvenirs de nos parents de ta pr\u00e9cieuse et courte contribution \u00e0 notre famille. MERCI.<\/p>\n<h4>1943, 28 mars \u2013 IR\u00c8NE<\/h4><p>pour avoir \u00e9t\u00e9 l\u2019a\u00een\u00e9e des filles de notre clan, pour avoir assist\u00e9 si fid\u00e8lement maman dans ses rudes t\u00e2ches des d\u00e9buts \u00e0 Sainte-Th\u00e9r\u00e8se, pour avoir d\u00e9montr\u00e9 tant de courage et de vaillance, lors de ta maladie et de ton dernier exil \u00e0 Rimouski, l\u00e0 o\u00f9 tu nous as quitt\u00e9s \u00e0 jamais. Pour avoir meubl\u00e9 notre m\u00e9moire d\u2019aussi beaux souvenirs, m\u00eame si pour plusieurs, nous ne t\u2019avons pas connue. MERCI.<\/p>\n<h4>1973 \u2013 HUGUETTE<\/h4><p>pour ta candeur, ta simplicit\u00e9, ton courage et ta t\u00e9nacit\u00e9. Pour la sensibilit\u00e9 qui guidait tous tes moments d\u2019amour envers tous tes proches, pour ce don de soi inconditionnel et les si beaux souvenirs que tu nous as laiss\u00e9s, pour ces beaux enfants riches de tes valeurs si nombreuses. MERCI.<\/p>\n<h4>1989 \u2013 LUCETTE<\/h4><p>pour ta personnalit\u00e9 attachante, ton regard de mer lointain, port\u00e9 sur l\u2019infini de la vie, pour ta force tranquille, ta vie parsem\u00e9e d\u2019\u00e9preuves, pour ta bont\u00e9, ton \u00e9coute et tes belles valeurs de vie. Pour ta foi en la bont\u00e9 des \u00eatres, pour ton calme \u00e0 toute \u00e9preuve. Pour la richesse de ton \u00eatre, tes mille ann\u00e9es de vie, tes deux enfants si beaux. MERCI.<\/p>\n<h4>2008 \u2013 MARCEL<\/h4><p>pour ta pr\u00e9sence d\u2019a\u00een\u00e9, si s\u00e9curisante, aupr\u00e8s de nos parents, pour ta riche personnalit\u00e9, forg\u00e9e de connaissances diverses, d\u2019\u00e9preuves surmont\u00e9es \u00e0 coup de vaillance, pour la r\u00e9ussite rayonnante de ton projet familial, pour tes trois beaux enfants. Pour ton caract\u00e8re cisel\u00e9 dans le roc, que le temps et les \u00eatres qui t\u2019ont aim\u00e9 ont r\u00e9ussi \u00e0 transformer en force d\u2019amour. Pour le grand fr\u00e8re que tu fus. MERCI.<\/p>\n<h4>2008 \u2013 BERTRAND<\/h4><p>Notre souvenir remplit notre c\u0153ur \u00e0 la m\u00e9moire de la remarquable relation aliment\u00e9e par la chaleur de ta pr\u00e9sence. Tu as \u00e9t\u00e9, en quelque sorte un mod\u00e8le de calme, de paix et d\u2019\u00e9coute qui continue de nourrir notre m\u00e9moire. MERCI, Grand fr\u00e8re!<\/p>\n\n\n\n\n\n\n<p><strong style=\"color: rgb(0, 0, 0);\">Parmi les membres de notre famille qui nous ont quitt\u00e9s, il y a quelques neveux dont la m\u00e9moire doit s\u2019inscrire dans ces pages.<\/strong><\/p>\n<h4>1976-Marco<\/h4><p>La famille de Jeannine fut \u00e9prouv\u00e9e \u00e0 deux reprises par le d\u00e9part pr\u00e9cipit\u00e9 d\u2019un de ses gar\u00e7ons et une de ses filles: Marco, encore \u00e0 la fin de l\u2019adolescence, 17 ans, est d\u00e9c\u00e9d\u00e9 tragiquement dans un accident d\u2019auto en 1976. Cette \u00e9preuve envahit ses parents et sa famille d\u2019une peine immense. Son doux souvenir demeure encore pr\u00e9sent dans les m\u00e9moires.<\/p>\n<h4>Marie-Claude<\/h4><p>La perte d\u2019un premier enfant s\u2019av\u00e8re une \u00e9preuve insurmontable pour des parents pleins d\u2019amour. La petite famille de Jean-Marie et H\u00e9l\u00e8ne on v\u00e9cu cette douloureuse exp\u00e9rience. Leur enfant les a quitt\u00e9s un mois apr\u00e8s sa naissance. Je suis certain que sa m\u00e9moire demeure encore pr\u00e9sente dans le coeur de ses parents.<\/p>\n<h4>2012-Danielle<\/h4><p>Il y a quelques jours, le 24 avril 2012, \u00e0 une semaine de la parution de ce livre, Danielle, 56 ans, fille de Jeannine, a aussi d\u00e9ploy\u00e9 ses ailes. Cette fille pleine de vie et de lumi\u00e8re est venue apporter un souvenir tellement plein de force et d\u2019amour dans l\u2019assembl\u00e9e, lors de ses fun\u00e9railles, que je crois qu\u2019elle \u00e9tait encore l\u00e0 \u00e0 supporter et consoler sa famille et ses parents pr\u00e9sents. Sa mort n\u2019a fait qu\u2019amplifier l\u2019\u00e9nergie qu\u2019elle avait toujours propag\u00e9e au cours de sa vie, sans le savoir. AUREVOIR MA GRANDE !!!<\/p><br>\n\n\n\n\n\n\n\n\n\n<p style=\"text-align: right;\"><a href=\"\/FamilleFillion\/freres-et-soeurs\/\">FR\u00c8RES ET S\u0152URS<\/a><br><\/p>\n\n\n","protected":false},"excerpt":{"rendered":"","protected":false},"author":1,"featured_media":0,"parent":0,"menu_order":0,"comment_status":"closed","ping_status":"closed","template":"","meta":[],"yoast_head":"<!-- This site is optimized with the Yoast SEO plugin v15.3 - https:\/\/yoast.com\/wordpress\/plugins\/seo\/ -->\n<title>NOS PROCHES DISPARUS - Famille Fillion<\/title>\n<meta name=\"robots\" content=\"index, follow, max-snippet:-1, max-image-preview:large, max-video-preview:-1\" \/>\n<link rel=\"canonical\" href=\"https:\/\/francedoucetnotaire.com\/FamilleFillion\/nos-proches-disparus\/\" \/>\n<meta property=\"og:locale\" content=\"en_US\" \/>\n<meta property=\"og:type\" content=\"article\" \/>\n<meta property=\"og:title\" content=\"NOS PROCHES DISPARUS - Famille Fillion\" \/>\n<meta property=\"og:url\" content=\"https:\/\/francedoucetnotaire.com\/FamilleFillion\/nos-proches-disparus\/\" \/>\n<meta property=\"og:site_name\" content=\"Famille Fillion\" \/>\n<meta property=\"article:modified_time\" content=\"2021-03-02T19:44:15+00:00\" \/>\n<meta name=\"twitter:card\" content=\"summary_large_image\" \/>\n<meta name=\"twitter:label1\" content=\"Written by\">\n\t<meta name=\"twitter:data1\" content=\"admin\">\n\t<meta name=\"twitter:label2\" content=\"Est. reading time\">\n\t<meta name=\"twitter:data2\" content=\"4 minutes\">\n<script type=\"application\/ld+json\" class=\"yoast-schema-graph\">{\"@context\":\"https:\/\/schema.org\",\"@graph\":[{\"@type\":[\"Person\",\"Organization\"],\"@id\":\"https:\/\/francedoucetnotaire.com\/FamilleFillion\/#\/schema\/person\/888522469577139133bfae69cab6ff83\",\"name\":\"Michel Fillion\",\"image\":{\"@type\":\"ImageObject\",\"@id\":\"https:\/\/francedoucetnotaire.com\/FamilleFillion\/#personlogo\",\"inLanguage\":\"en-US\",\"url\":\"https:\/\/secure.gravatar.com\/avatar\/c0c5418e5c1a40be79bd0f7e0d64bfcc?s=96&d=mm&r=g\",\"caption\":\"Michel Fillion\"},\"logo\":{\"@id\":\"https:\/\/francedoucetnotaire.com\/FamilleFillion\/#personlogo\"}},{\"@type\":\"WebSite\",\"@id\":\"https:\/\/francedoucetnotaire.com\/FamilleFillion\/#website\",\"url\":\"https:\/\/francedoucetnotaire.com\/FamilleFillion\/\",\"name\":\"Famille Fillion\",\"description\":\"Famille Fillion\",\"publisher\":{\"@id\":\"https:\/\/francedoucetnotaire.com\/FamilleFillion\/#\/schema\/person\/888522469577139133bfae69cab6ff83\"},\"potentialAction\":[{\"@type\":\"SearchAction\",\"target\":\"https:\/\/francedoucetnotaire.com\/FamilleFillion\/?s={search_term_string}\",\"query-input\":\"required name=search_term_string\"}],\"inLanguage\":\"en-US\"},{\"@type\":\"WebPage\",\"@id\":\"https:\/\/francedoucetnotaire.com\/FamilleFillion\/nos-proches-disparus\/#webpage\",\"url\":\"https:\/\/francedoucetnotaire.com\/FamilleFillion\/nos-proches-disparus\/\",\"name\":\"NOS PROCHES DISPARUS - Famille Fillion\",\"isPartOf\":{\"@id\":\"https:\/\/francedoucetnotaire.com\/FamilleFillion\/#website\"},\"datePublished\":\"2020-11-19T19:49:12+00:00\",\"dateModified\":\"2021-03-02T19:44:15+00:00\",\"inLanguage\":\"en-US\",\"potentialAction\":[{\"@type\":\"ReadAction\",\"target\":[\"https:\/\/francedoucetnotaire.com\/FamilleFillion\/nos-proches-disparus\/\"]}]}]}<\/script>\n<!-- \/ Yoast SEO plugin. -->","_links":{"self":[{"href":"https:\/\/francedoucetnotaire.com\/FamilleFillion\/wp-json\/wp\/v2\/pages\/206"}],"collection":[{"href":"https:\/\/francedoucetnotaire.com\/FamilleFillion\/wp-json\/wp\/v2\/pages"}],"about":[{"href":"https:\/\/francedoucetnotaire.com\/FamilleFillion\/wp-json\/wp\/v2\/types\/page"}],"author":[{"embeddable":true,"href":"https:\/\/francedoucetnotaire.com\/FamilleFillion\/wp-json\/wp\/v2\/users\/1"}],"replies":[{"embeddable":true,"href":"https:\/\/francedoucetnotaire.com\/FamilleFillion\/wp-json\/wp\/v2\/comments?post=206"}],"version-history":[{"count":9,"href":"https:\/\/francedoucetnotaire.com\/FamilleFillion\/wp-json\/wp\/v2\/pages\/206\/revisions"}],"predecessor-version":[{"id":449,"href":"https:\/\/francedoucetnotaire.com\/FamilleFillion\/wp-json\/wp\/v2\/pages\/206\/revisions\/449"}],"wp:attachment":[{"href":"https:\/\/francedoucetnotaire.com\/FamilleFillion\/wp-json\/wp\/v2\/media?parent=206"}],"curies":[{"name":"wp","href":"https:\/\/api.w.org\/{rel}","templated":true}]}}